{"id":239,"date":"2026-04-19T17:49:27","date_gmt":"2026-04-19T17:49:27","guid":{"rendered":"http:\/\/e.nodepillar.net\/?page_id=239"},"modified":"2026-04-19T18:58:17","modified_gmt":"2026-04-19T18:58:17","slug":"imprint-impressum","status":"publish","type":"page","link":"https:\/\/nodepillar.net\/?page_id=239","title":{"rendered":"Imprint (Impressum)"},"content":{"rendered":"\n<h2 class=\"wp-block-heading\"><strong>Angaben gem\u00e4\u00df \u00a7 5 TMG \/ \u00a7 25 Mediengesetz<\/strong><\/h2>\n\n\n\n<p><strong>Betreiber der Website:<\/strong> <br><strong>IVJ Group SIA<\/strong> <br>Voldem\u0101ra Balo\u017ea iela 20\/11 <br>Valmiera, <br>LV-4201 LETTLAND<\/p>\n\n\n\n<p><strong>Marke &amp; Zweigstelle:<\/strong> <br><strong>NodePillar<\/strong> | Part of IVJ Group SIA<br>Reg. Nr: 9 144 258 4887<\/p>\n\n\n\n<hr class=\"wp-block-separator has-alpha-channel-opacity\"\/>\n\n\n\n<h3 class=\"wp-block-heading\"><strong>Kontakt<\/strong><\/h3>\n\n\n\n<p><strong>Telefon:<\/strong> +49 (0) 156 79490673 <br><strong>E-Mail:<\/strong> publ@nodepillar.net <br><strong>Alternative E-Mail:<\/strong> publ@ivjgroup.id.lv<\/p>\n\n\n\n<hr class=\"wp-block-separator has-alpha-channel-opacity\"\/>\n\n\n\n<h3 class=\"wp-block-heading\"><strong>Register und Identifikation<\/strong><\/h3>\n\n\n\n<p><strong>Zust\u00e4ndiges Register:<\/strong> Register of Enterprises of the Republic of Latvia (Latvijas Republikas Uz\u0146\u0113mumu re\u0123istrs) <br><strong>Registernummer:<\/strong> 40203685840 <br><strong>Umsatzsteuer-Identifikationsnummer (UID):<\/strong> LV40203685840 <br><strong>LEI (Legal Entity Identifier):<\/strong> 64887KQJ2OG381JM1218<\/p>\n\n\n\n<p><strong>Vertreten durch (Gesch\u00e4ftsf\u00fchrer):<\/strong> [*]<\/p>\n\n\n\n<hr class=\"wp-block-separator has-alpha-channel-opacity\"\/>\n\n\n\n<h3 class=\"wp-block-heading\"><strong>Zust\u00e4ndige Aufsichtsbeh\u00f6rden<\/strong><\/h3>\n\n\n\n<p><strong>Allgemeine Registerbeh\u00f6rde:<\/strong> <br><strong>Register of Enterprises of the Republic of Latvia<\/strong> <br>P\u0113rses iela 2, Riga, LV-1011, Lettland <br>Website: <a href=\"https:\/\/www.ur.gov.lv\" target=\"_blank\" rel=\"noreferrer noopener\">www.ur.gov.lv<\/a><\/p>\n\n\n\n<p><strong>Aufsicht f\u00fcr elektronische Kommunikation &amp; Netze:<\/strong> <br><strong>Public Utilities Commission (Sabiedrisko pakalpojumu regul\u0113\u0161anas komisija)<\/strong> <br>\u016anijas iela 45, Riga, LV-1039, Lettland <br>Website: <a href=\"https:\/\/www.sprk.gov.lv\" target=\"_blank\" rel=\"noreferrer noopener\">www.sprk.gov.lv<\/a><\/p>\n\n\n\n<p><strong>Datenschutz-Aufsichtsbeh\u00f6rde:<\/strong> <br><strong>Data State Inspectorate (Datu valsts inspekcija)<\/strong> <br>Elijas iela 17, Riga, LV-1050, Lettland <br>Website: <a href=\"https:\/\/www.dvi.gov.lv\" target=\"_blank\" rel=\"noreferrer noopener\">www.dvi.gov.lv<\/a><\/p>\n\n\n\n<hr class=\"wp-block-separator has-alpha-channel-opacity\"\/>\n\n\n\n<h3 class=\"wp-block-heading\"><strong>EU-Streitbeilegung<\/strong><\/h3>\n\n\n\n<p>Die Europ\u00e4ische Kommission stellt eine Plattform zur Online-Streitbeilegung (OS) bereit: <a href=\"https:\/\/ec.europa.eu\/consumers\/odr\/\" target=\"_blank\" rel=\"noreferrer noopener\">https:\/\/ec.europa.eu\/consumers\/odr\/<\/a>. <br>Unsere E-Mail-Adresse finden Sie oben im Impressum.<\/p>\n\n\n\n<p>Wir sind nicht bereit oder verpflichtet, an Streitbeilegungsverfahren vor einer Verbraucherschlichtungsstelle teilzunehmen.<\/p>\n","protected":false},"excerpt":{"rendered":"<p>Angaben gem\u00e4\u00df \u00a7 5 TMG \/ \u00a7 25 Mediengesetz Betreiber der Website: IVJ Group SIA Voldem\u0101ra Balo\u017ea iela 20\/11 Valmiera, LV-4201 LETTLAND Marke &amp; Zweigstelle: NodePillar | Part of IVJ Group SIAReg. Nr: 9 144 258 4887 Kontakt Telefon: +49 (0) 156 79490673 E-Mail: publ@nodepillar.net Alternative E-Mail: publ@ivjgroup.id.lv Register und Identifikation Zust\u00e4ndiges Register: Register of [&hellip;]<\/p>\n","protected":false},"author":1,"featured_media":0,"parent":0,"menu_order":0,"comment_status":"closed","ping_status":"closed","template":"","meta":{"footnotes":""},"class_list":["post-239","page","type-page","status-publish","hentry"],"_links":{"self":[{"href":"https:\/\/nodepillar.net\/index.php?rest_route=\/wp\/v2\/pages\/239","targetHints":{"allow":["GET"]}}],"collection":[{"href":"https:\/\/nodepillar.net\/index.php?rest_route=\/wp\/v2\/pages"}],"about":[{"href":"https:\/\/nodepillar.net\/index.php?rest_route=\/wp\/v2\/types\/page"}],"author":[{"embeddable":true,"href":"https:\/\/nodepillar.net\/index.php?rest_route=\/wp\/v2\/users\/1"}],"replies":[{"embeddable":true,"href":"https:\/\/nodepillar.net\/index.php?rest_route=%2Fwp%2Fv2%2Fcomments&post=239"}],"version-history":[{"count":4,"href":"https:\/\/nodepillar.net\/index.php?rest_route=\/wp\/v2\/pages\/239\/revisions"}],"predecessor-version":[{"id":256,"href":"https:\/\/nodepillar.net\/index.php?rest_route=\/wp\/v2\/pages\/239\/revisions\/256"}],"wp:attachment":[{"href":"https:\/\/nodepillar.net\/index.php?rest_route=%2Fwp%2Fv2%2Fmedia&parent=239"}],"curies":[{"name":"wp","href":"https:\/\/api.w.org\/{rel}","templated":true}]}}